{"id":1543,"date":"2016-07-13T15:23:02","date_gmt":"2016-07-13T13:23:02","guid":{"rendered":"http:\/\/old.sudeco.eu\/?page_id=1543"},"modified":"2016-07-13T18:51:42","modified_gmt":"2016-07-13T16:51:42","slug":"publications","status":"publish","type":"page","link":"https:\/\/old.sudeco.eu\/de\/publications\/","title":{"rendered":"Publikationen"},"content":{"rendered":"<p>\u201c<strong>The Challenges of Reunification: Why South Korea Cannot Follow Germany\u2019s Strategy<\/strong>\u201d, 2016. in: \u201cHandbook to Contemporary Korean Society\u201d, herausgegeben von Eungi Kim, im Erscheinen. Stark \u00fcberarbeitete und aktualisierte Fassung der Ausgabe publiziert von Korea Observer 2013.<\/p>\n<p>\u201c<strong>Honest Broker Korea? The G20 meeting in Seoul and the international perception of South Korea as a global actor<\/strong>\u201d, Asian International Studies Review, Institute for International Trade and Cooperation, Ewha Womans University, 2014, Vol. 15, No. 2, 49-70. https:\/\/iitc.ewha.ac.kr:6021\/board_skin\/board_list.asp?bbs_code=24&amp;etc=&amp;issue=1&amp;subject=&amp;writer=Niederhafner&amp;issue_start_date=&amp;issue_end_date=&amp;keyword=&amp;volume=&amp;start_year=&amp;start_month=&amp;start_day=&amp;end_year=&amp;end_month=&amp;end_day=#<\/p>\n<p><strong>\u201cThe Korean Energy and GHG Target Management System: An Alternative to Kyoto-Protocol Emissions Trading Systems?\u201d,<\/strong> Seoul National University, Technology Management, Economics, and Policy Program, TEMEP Discussion Paper No. 2014:118. Free online publication available at https:\/\/ideas.repec.org\/p\/snv\/dp2009\/2014118.html<\/p>\n<p>\u201c<strong>Comparing Functions of Transnational City Networks in Europe and Asia<\/strong>\u201d, Asia Europe Journal, Springer Science, 2013, Vol. 11, No. 4,p. 377 \u2013 396. http:\/\/link.springer.com\/article\/10.1007\/s10308-013-0365-3<\/p>\n<p>\u201c<strong>Governance Modes of the Tokyo Metropolitan Government Emissions Trading System<\/strong>\u201d, Hitotsubashi University, Invited Fellow Discussion Paper Series No. 26, 2013, December. https:\/\/hermes-ir.lib.hit-u.ac.jp\/rs\/handle\/10086\/26005<\/p>\n<p>\u201c<strong>The Challenges of Reunification: Why South Korea Cannot Follow Germany\u2019s Strategy<\/strong>\u201d in Korea Observer, 2013, Vol. 44, No. 2, pp. 249-287. Free online publication available at http:\/\/www.google.com\/url?sa=t&amp;rct=j&amp;q=&amp;esrc=s&amp;source=web&amp;cd=15&amp;ved=0CJABEBYwDg&amp;url=http%3A%2F%2Fwww.iks.or.kr%2Frenew%2Faddition%2Fdownload.asp%3Fftype%3Dissue%26ftb%3Dhm_issue_tb%26idx%3D1289&amp;ei=oLlOUr7RFcWN7QaQ4IHABA&amp;usg=AFQjCNFht9-J6llxh8dP-6QRnWDOEBa0Eg&amp;sig2=O4tmz2WTWDA6avgd49cDWw<\/p>\n<p><a name=\"_Toc225337066\"><\/a>\u201c<strong>Different Paths Towards the same Goal? Comparing the Implementation and Performance of CO2 Emissions Reduction Regulations in the EU and South Korea<\/strong>\u201d (with Chan Song Lee), in ,EU-Korea Relations in a Changing World\u2019, Centre for Global Governance Working Paper, 2013, Leuven University, p. 195-220. Free online publication available at http:\/\/ghum.kuleuven.be\/ggs\/projects\/eu_korea\/publications_eu_korea.html<\/p>\n<p>\u201c<strong>Germany\u2019s unification strategy and Korea\u2019s unification perspectives<\/strong>\u201d (in Korean) in: Yoon Young-Kwan (ed.) 2013 &#8222;International Politics and the Korean Unification&#8220;, forthcoming. An English version is available at http:\/\/papers.ssrn.com\/sol3\/Delivery.cfm\/SSRN_ID2193877_code1946027.pdf?abstractid=2193877&amp;mirid=4.<\/p>\n<p>\u201e<strong>Functions of Transnational City Networks in Europe and Asia<\/strong>\u201d, Seoul National University EU Center Working Paper Series No. 2012-05. http:\/\/papers.ssrn.com\/sol3\/papers.cfm?abstract_id=2188761<\/p>\n<p>\u201e<strong>St\u00e4dte im EU Mehrebenensystem 2030. Anmerkungen zum Potenzial einer besser integrierten lokalen Ebene<\/strong>\u201c in Gabriele Abels, Annegret Eppler and Mich\u00e8le Knodt (ed.) 2010: \u201eDie Reflexionsgruppe Horizont 2020-2030\u201c. Herausforderungen und Reformoptionen fuer das Mehrebenensystem, Nomos Verlag, Baden-Baden, 169-186.<\/p>\n<p>\u201e<strong>St\u00e4dte als politische Akteure im Mehrebenensystem der EU. Eine vergleichende Untersuchung der pan-europ\u00e4ischen Interessenorganisationen Eurocities und RGRE unter besonderer Ber\u00fccksichtigung der L\u00e4nder Deutschland, Frankreich und Gro\u00dfbritannien<\/strong>\u201c, Dissertation, 2008, ULB Darmstadt, http:\/\/ebookbrowse.com\/stefan-niederhafner-staedte-in-der-eu-pdf-d69752120.<\/p>\n<p>\u201e<strong>Cities and Organized Interest Intermediation in the EU Multi-Level System<\/strong>\u201c (with Hubert Heinelt) in \u201aJournal for European Urban and Regional Studies\u2019, 2008, Vol. 15, No. 2, 173-187. http:\/\/eur.sagepub.com\/content\/15\/2\/173.short<\/p>\n<p>\u201e<strong>St\u00e4dte und organisierte Interessenvertretung im EU-Mehrebenensystem<\/strong>\u201c (with Hubert Heinelt) in Hubert Heinelt and Angelika Vetter (2008): \u201aLokale Politikforschung heute\u2019,VS Verlag f\u00fcr Sozialwissenschaften, 103-126.<\/p>\n<p>\u201e<strong>Ratgeber Sozialrecht. Die Situation von Stipendiaten und Stipendiatinnen im sozialrechtlichen Bereich: Stipendium, BAf\u00f6G, Hartz IV und Sozialversicherungen<\/strong>\u201c (with Michael Bolte), Hans B\u00f6ckler Stiftung, 2006, D\u00fcsseldorf. https:\/\/www-user.tu-chemnitz.de\/~toste\/pi\/materialien\/Sozialrechtsratgeber.pdf<\/p>\n<p>\u201e<strong>Kommunaler Klimaschutz in Deutschland \u2013 Handlungsm\u00f6glichkeiten, Entwicklung und Perspektiven<\/strong>\u201c (with Kristine Kern, Sandra Rechlin and Jost Wagner), Wissenschaftszentrum Berlin f\u00fcr Sozialforschung, 2005, Discussion Paper Nr. SP IV 2005-101. https:\/\/bibliothek.wzb.eu\/pdf\/2005\/iv05-101.pdf<\/p>\n<p>&#8222;<strong>Cities and Organized Interest Intermediation in the EU Multi-Level System<\/strong>&#8220; (with Hubert Heinelt) in Wolfgang van den Daele (ed.) 2005: \u201aDiskurs und Governance. Abschlu\u00dfbericht der Forschungsabteilung \u201aZivilgesellschaft und transnationale Netzwerke\u2019\u2019, Wissenschaftszentrum Berlin f\u00fcr Sozialforschung. Discussion Paper Nr. SP IV 2005-103, S. 76-88.<\/p>\n<p>\u201e<strong>Local Power \u2013 Mehr B\u00fcrgerengagment durch Governance?<\/strong>\u201c (with Ansgar Klein, Ludger Klein, Jan Rohwerder, Lilian Schwalb and Heike Walk), Forschungsjournal Neue Soziale Bewegungen, 2005, Jg. 18, Heft 3\/2005, S. 2-6.<\/p>\n<p>\u201e<strong>Schrittweise Ann\u00e4herung an Local Governance. Eine Sammelrezension<\/strong>\u201c, Forschungsjournal Neue Soziale Bewegungen, 2005, Jg. 18, Nr. 3, S. 123-127.<\/p>\n<p>&#8222;<strong>Die Ministerialb\u00fcrokratie in Deutschland &#8211; Vom Kellner zum Koch?<\/strong>&#8220; (with Rudolf Speth), Forschungsjournal Neue Soziale Bewegungen, 2004, Jg. 17, Nr. 3, S. 23-35. http:\/\/sowiport.gesis.org\/search\/id\/iz-solis-90330052<\/p>\n<p>&nbsp;<\/p>\n","protected":false},"excerpt":{"rendered":"<p>\u201cThe Challenges of Reunification: Why South Korea Cannot Follow Germany\u2019s Strategy\u201d, 2016. in: \u201cHandbook to Contemporary Korean Society\u201d, herausgegeben von Eungi Kim, im Erscheinen. Stark \u00fcberarbeitete und aktualisierte Fassung der Ausgabe publiziert von Korea Observer 2013. \u201cHonest Broker Korea? The G20 meeting in Seoul and the international perception of South Korea as a global actor\u201d,<\/p>\n<p><a href=\"https:\/\/old.sudeco.eu\/de\/publications\/\" class=\"more-link themebutton\">Read More<\/a><\/p>\n","protected":false},"author":1,"featured_media":0,"parent":0,"menu_order":9,"comment_status":"closed","ping_status":"closed","template":"","meta":{"footnotes":""},"class_list":["post-1543","page","type-page","status-publish","hentry"],"_links":{"self":[{"href":"https:\/\/old.sudeco.eu\/de\/wp-json\/wp\/v2\/pages\/1543","targetHints":{"allow":["GET"]}}],"collection":[{"href":"https:\/\/old.sudeco.eu\/de\/wp-json\/wp\/v2\/pages"}],"about":[{"href":"https:\/\/old.sudeco.eu\/de\/wp-json\/wp\/v2\/types\/page"}],"author":[{"embeddable":true,"href":"https:\/\/old.sudeco.eu\/de\/wp-json\/wp\/v2\/users\/1"}],"replies":[{"embeddable":true,"href":"https:\/\/old.sudeco.eu\/de\/wp-json\/wp\/v2\/comments?post=1543"}],"version-history":[{"count":6,"href":"https:\/\/old.sudeco.eu\/de\/wp-json\/wp\/v2\/pages\/1543\/revisions"}],"predecessor-version":[{"id":1580,"href":"https:\/\/old.sudeco.eu\/de\/wp-json\/wp\/v2\/pages\/1543\/revisions\/1580"}],"wp:attachment":[{"href":"https:\/\/old.sudeco.eu\/de\/wp-json\/wp\/v2\/media?parent=1543"}],"curies":[{"name":"wp","href":"https:\/\/api.w.org\/{rel}","templated":true}]}}