{"id":2,"date":"2015-12-22T07:07:04","date_gmt":"2015-12-22T06:07:04","guid":{"rendered":"http:\/\/old.sudeco.eu\/wordpress\/?page_id=2"},"modified":"2024-02-22T10:49:53","modified_gmt":"2024-02-22T09:49:53","slug":"partners","status":"publish","type":"page","link":"https:\/\/old.sudeco.eu\/de\/partners\/","title":{"rendered":"Partner"},"content":{"rendered":"<div id=\"pl-2\"  class=\"panel-layout\" ><div id=\"pg-2-0\"  class=\"panel-grid panel-no-style\" ><div id=\"pgc-2-0-0\"  class=\"panel-grid-cell\" ><div id=\"panel-2-0-0-0\" class=\"so-panel widget widget_sow-editor panel-first-child panel-last-child\" data-index=\"0\" ><div class=\"panel-widget-style panel-widget-style-for-2-0-0-0\" ><div\n\t\t\t\n\t\t\tclass=\"so-widget-sow-editor so-widget-sow-editor-base\"\n\t\t\t\n\t\t>\n<div class=\"siteorigin-widget-tinymce textwidget\">\n\t<blockquote id=\"\" class=\"blockquote-reverse \">Durch Kooperationen mit ausgew\u00e4hlten Partnern erh\u00f6hen wir unsere thematische und operative Reichweite.<\/blockquote>\n<\/div>\n<\/div><\/div><\/div><\/div><\/div><div id=\"pg-2-1\"  class=\"panel-grid panel-no-style\" ><div id=\"pgc-2-1-0\"  class=\"panel-grid-cell panel-grid-cell-empty panel-grid-cell-mobile-last\" ><\/div><div id=\"pgc-2-1-1\"  class=\"panel-grid-cell panel-grid-cell-empty\" ><\/div><\/div><div id=\"pg-2-2\"  class=\"panel-grid panel-no-style\" ><div id=\"pgc-2-2-0\"  class=\"panel-grid-cell\" ><div id=\"panel-2-2-0-0\" class=\"so-panel widget widget_sow-editor panel-first-child panel-last-child\" data-index=\"1\" ><div\n\t\t\t\n\t\t\tclass=\"so-widget-sow-editor so-widget-sow-editor-base\"\n\t\t\t\n\t\t>\n<div class=\"siteorigin-widget-tinymce textwidget\">\n\t<h3><strong>Advanced Foresight Group<\/strong><\/h3>\n<style type=\"text\/css\" scoped=\"scoped\">.divider-69ddbcde8d0b6{ margin-top: -25px;margin-bottom:10px;width:100%;}.divider-69ddbcde8d0b6 .divider-border{border-bottom-width:1px; border-color:#70b530;}.divider-69ddbcde8d0b6 .double-line.divider-inner-item .divider-inner{border-top-width: 1px; border-bottom-width: 1px;}.divider-69ddbcde8d0b6 .divider-border.divider-inner-item .divider-inner{ border-bottom-width: 1px;} <\/style><div class=\" divider divider-69ddbcde8d0b6 divider-border\" id=\"\" style=\"margin-top:; margin-bottom:;\"><div class=\"divider-inner divider-border\"><\/div><\/div>\n<p style=\"text-align: justify;\"><img loading=\"lazy\" decoding=\"async\" class=\"alignnone size-full wp-image-443\" src=\"http:\/\/old.sudeco.eu\/wp-content\/uploads\/2016\/06\/Advanced_Foresight_Group_logo.png\" alt=\"Advanced_Foresight_Group_logo\" width=\"213\" height=\"145\" style=\"float:left; margin-top:3px;\"\/>\n<\/p><\/p>\n<\/div>\n<\/div><\/div><\/div><div id=\"pgc-2-2-1\"  class=\"panel-grid-cell\" ><div id=\"panel-2-2-1-0\" class=\"so-panel widget widget_sow-editor panel-first-child panel-last-child\" data-index=\"2\" ><div\n\t\t\t\n\t\t\tclass=\"so-widget-sow-editor so-widget-sow-editor-base\"\n\t\t\t\n\t\t>\n<div class=\"siteorigin-widget-tinymce textwidget\">\n\t<h3><i id=\"\" class=\" fa fa-search\" style=\"font-size:20px;color:#70B530;\"><\/i> <strong>Kontakt<\/strong><\/h3>\n<style type=\"text\/css\" scoped=\"scoped\">.divider-69ddbcde8d1b4{ margin-top: -25px;margin-bottom:10px;width:100%;}.divider-69ddbcde8d1b4 .divider-border{border-bottom-width:1px; border-color:#70b530;}.divider-69ddbcde8d1b4 .double-line.divider-inner-item .divider-inner{border-top-width: 1px; border-bottom-width: 1px;}.divider-69ddbcde8d1b4 .divider-border.divider-inner-item .divider-inner{ border-bottom-width: 1px;} <\/style><div class=\" divider divider-69ddbcde8d1b4 divider-border\" id=\"\" style=\"margin-top:; margin-bottom:;\"><div class=\"divider-inner divider-border\"><\/div><\/div>\n<p style=\"text-align: justify;\"><strong>Andr\u00e9 Winzer <\/strong><br \/>\nJohn-Schehr-Stra\u00dfe 34<br \/>\nD-10407 Berlin<br \/>\n<i id=\"\" class=\" fa fa-whatsapp\" style=\"font-size:16px;color:#888;\"><\/i> +49 (0) 30 61289260<br \/>\n<i id=\"\" class=\" fa fa-envelope-o\" style=\"font-size:16px;color:#888;\"><\/i> <a href=\"mailto:winzer@schaltzeit.com\" style=\"color: #70b530;\">winzer@schaltzeit.com<\/a><br \/>\n<i id=\"\" class=\" fa fa-laptop\" style=\"font-size:16px;color:#888;\"><\/i><a style=\"color: #70b530;\" href=\"http:\/\/www.advanced-foresight.de\/\" target=\"_blank\" rel=\"noopener\"> www.advanced-foresight.de<\/a><\/p>\n<\/div>\n<\/div><\/div><\/div><\/div><div id=\"pg-2-3\"  class=\"panel-grid panel-no-style\" ><div id=\"pgc-2-3-0\"  class=\"panel-grid-cell panel-grid-cell-empty panel-grid-cell-mobile-last\" ><\/div><div id=\"pgc-2-3-1\"  class=\"panel-grid-cell panel-grid-cell-empty\" ><\/div><\/div><div id=\"pg-2-4\"  class=\"panel-grid panel-no-style\" ><div id=\"pgc-2-4-0\"  class=\"panel-grid-cell\" ><div id=\"panel-2-4-0-0\" class=\"so-panel widget widget_sow-editor panel-first-child panel-last-child\" data-index=\"3\" ><div\n\t\t\t\n\t\t\tclass=\"so-widget-sow-editor so-widget-sow-editor-base\"\n\t\t\t\n\t\t>\n<div class=\"siteorigin-widget-tinymce textwidget\">\n\t<h3><strong>Foresight Solutions<\/strong><\/h3>\n<style type=\"text\/css\" scoped=\"scoped\">.divider-69ddbcde8d372{ margin-top: -25px;margin-bottom:10px;width:100%;}.divider-69ddbcde8d372 .divider-border{border-bottom-width:1px; border-color:#70b530;}.divider-69ddbcde8d372 .double-line.divider-inner-item .divider-inner{border-top-width: 1px; border-bottom-width: 1px;}.divider-69ddbcde8d372 .divider-border.divider-inner-item .divider-inner{ border-bottom-width: 1px;} <\/style><div class=\" divider divider-69ddbcde8d372 divider-border\" id=\"\" style=\"margin-top:; margin-bottom:;\"><div class=\"divider-inner divider-border\"><\/div><\/div>\n<p style=\"text-align: justify;\"><img loading=\"lazy\" decoding=\"async\" class=\"alignnone size-full wp-image-448\" style=\"float: left; margin-top: 3px;\" src=\"http:\/\/old.sudeco.eu\/wp-content\/uploads\/2016\/06\/Foresight-solution-logo.png\" alt=\"Foresight-solution-logo\" width=\"213\" height=\"145\" \/><\/p>\n<\/div>\n<\/div><\/div><\/div><div id=\"pgc-2-4-1\"  class=\"panel-grid-cell\" ><div id=\"panel-2-4-1-0\" class=\"so-panel widget widget_sow-editor panel-first-child panel-last-child\" data-index=\"4\" ><div\n\t\t\t\n\t\t\tclass=\"so-widget-sow-editor so-widget-sow-editor-base\"\n\t\t\t\n\t\t>\n<div class=\"siteorigin-widget-tinymce textwidget\">\n\t<h3 style=\"text-align: justify;\"><i id=\"\" class=\" fa fa-search\" style=\"font-size:20px;color:#70B530;\"><\/i><strong> Kontakt<\/strong><\/h3>\n<style type=\"text\/css\" scoped=\"scoped\">.divider-69ddbcde8d43a{ margin-top: -25px;margin-bottom:10px;width:100%;}.divider-69ddbcde8d43a .divider-border{border-bottom-width:1px; border-color:#70b530;}.divider-69ddbcde8d43a .double-line.divider-inner-item .divider-inner{border-top-width: 1px; border-bottom-width: 1px;}.divider-69ddbcde8d43a .divider-border.divider-inner-item .divider-inner{ border-bottom-width: 1px;} <\/style><div class=\" divider divider-69ddbcde8d43a divider-border\" id=\"\" style=\"margin-top:; margin-bottom:;\"><div class=\"divider-inner divider-border\"><\/div><\/div>\n<p style=\"text-align: justify;\"><strong>Dr. Bernhard Albert<\/strong><br \/>\nWendelsweg 103<br \/>\nD-60599 Frankfurt<br \/>\n<i id=\"\" class=\" fa fa-whatsapp\" style=\"font-size:16px;color:#888;\"><\/i> +49 (0) 69 79302753<br \/>\n<i id=\"\" class=\" fa fa-envelope-o\" style=\"font-size:16px;color:#888;\"><\/i> <a href=\"mailto:ba@foresight-solutions.com\" style=\"color: #70b530;\">ba@foresight-solutions.com<\/a><br \/>\n<i id=\"\" class=\" fa fa-laptop\" style=\"font-size:16px;color:#888;\"><\/i><a style=\"color: #70b530;\" href=\"http:\/\/www.foresight-solutions.com\/\" target=\"_blank\"> www.foresight-solutions.com<\/a><\/p>\n<\/div>\n<\/div><\/div><\/div><\/div><div id=\"pg-2-5\"  class=\"panel-grid panel-no-style\" ><div id=\"pgc-2-5-0\"  class=\"panel-grid-cell\" ><div id=\"panel-2-5-0-0\" class=\"so-panel widget widget_sow-editor panel-first-child panel-last-child\" data-index=\"5\" ><div\n\t\t\t\n\t\t\tclass=\"so-widget-sow-editor so-widget-sow-editor-base\"\n\t\t\t\n\t\t>\n<div class=\"siteorigin-widget-tinymce textwidget\">\n\t<h3><strong>Valtrado<\/strong><\/h3>\n<style type=\"text\/css\" scoped=\"scoped\">.divider-69ddbcde8d5d3{ margin-top: -25px;margin-bottom:10px;width:100%;}.divider-69ddbcde8d5d3 .divider-border{border-bottom-width:1px; border-color:#70b530;}.divider-69ddbcde8d5d3 .double-line.divider-inner-item .divider-inner{border-top-width: 1px; border-bottom-width: 1px;}.divider-69ddbcde8d5d3 .divider-border.divider-inner-item .divider-inner{ border-bottom-width: 1px;} <\/style><div class=\" divider divider-69ddbcde8d5d3 divider-border\" id=\"\" style=\"margin-top:; margin-bottom:;\"><div class=\"divider-inner divider-border\"><\/div><\/div>\n<p style=\"text-align: justify;\"><img loading=\"lazy\" decoding=\"async\" class=\"alignnone size-full wp-image-1432\" style=\"float: left; margin-top: 3px;\" src=\"http:\/\/old.sudeco.eu\/wp-content\/uploads\/2015\/12\/Valtrado-logo.png\" alt=\"Valtrado-logo\" width=\"213\" height=\"145\" \/>Valtrado ist ein \u00dcbersetzungs- und Lektoratsb\u00fcro mit Sitz in Konstanz und spezialisiert auf \u00dcbersetzungen von Marketing-Materialien, Unternehmenskommunikation und Software-Handb\u00fccher vom Englischen ins Deutsche sowie auf das Korrektorat und Lektorat von deutschen Texten. Meine Arbeit beinhaltet mehr als die wortw\u00f6rtliche Wiedergabe des Ausgangstextes. F\u00fcr Texte, die von allen verstanden werden\u2013\u00a0 Kunden, Mitarbeitern und andere Stakeholdern.<\/p>\n<\/div>\n<\/div><\/div><\/div><div id=\"pgc-2-5-1\"  class=\"panel-grid-cell\" ><div id=\"panel-2-5-1-0\" class=\"so-panel widget widget_sow-editor panel-first-child panel-last-child\" data-index=\"6\" ><div\n\t\t\t\n\t\t\tclass=\"so-widget-sow-editor so-widget-sow-editor-base\"\n\t\t\t\n\t\t>\n<div class=\"siteorigin-widget-tinymce textwidget\">\n\t<h3><i id=\"\" class=\" fa fa-search\" style=\"font-size:20px;color:#70B530;\"><\/i>\u00a0<strong>Kontakt<\/strong><\/h3>\n<style type=\"text\/css\" scoped=\"scoped\">.divider-69ddbcde8d691{ margin-top: -25px;margin-bottom:10px;width:100%;}.divider-69ddbcde8d691 .divider-border{border-bottom-width:1px; border-color:#70b530;}.divider-69ddbcde8d691 .double-line.divider-inner-item .divider-inner{border-top-width: 1px; border-bottom-width: 1px;}.divider-69ddbcde8d691 .divider-border.divider-inner-item .divider-inner{ border-bottom-width: 1px;} <\/style><div class=\" divider divider-69ddbcde8d691 divider-border\" id=\"\" style=\"margin-top:; margin-bottom:;\"><div class=\"divider-inner divider-border\"><\/div><\/div>\n<p style=\"text-align: justify;\"><strong>Birgit Niederhafner <\/strong><br \/>\nTobelweg 2A<br \/>\nD-78465 Konstanz<br \/>\n<i id=\"\" class=\" fa fa-whatsapp\" style=\"font-size:16px;color:#888;\"><\/i> +49 (0) 7533 8039791<br \/>\n<i id=\"\" class=\" fa fa-envelope-o\" style=\"font-size:16px;color:#888;\"><\/i> <a href=\"mailto:mail@valtrado.de\" style=\"color: #70b530;\">mail@valtrado.de\/<\/a><br \/>\n<i id=\"\" class=\" fa fa-laptop\" style=\"font-size:16px;color:#888;\"><\/i><a style=\"color: #70b530;\" href=\"http:\/\/www.valtrado.de\/\" target=\"_blank\"> www.valtrado.de<\/a><\/p>\n<\/div>\n<\/div><\/div><\/div><\/div><\/div>","protected":false},"excerpt":{"rendered":"<p>Durch Kooperationen mit ausgew\u00e4hlten Partnern erh\u00f6hen wir unsere thematische und operative Reichweite. Advanced Foresight Group Kontakt Andr\u00e9 Winzer John-Schehr-Stra\u00dfe 34 D-10407 Berlin +49 (0) 30 61289260 winzer@schaltzeit.com www.advanced-foresight.de Foresight Solutions Kontakt Dr. Bernhard Albert Wendelsweg 103 D-60599 Frankfurt +49 (0) 69 79302753 ba@foresight-solutions.com www.foresight-solutions.com Valtrado Valtrado ist ein \u00dcbersetzungs- und Lektoratsb\u00fcro mit Sitz in Konstanz<\/p>\n<p><a href=\"https:\/\/old.sudeco.eu\/de\/partners\/\" class=\"more-link themebutton\">Read More<\/a><\/p>\n","protected":false},"author":1,"featured_media":0,"parent":0,"menu_order":5,"comment_status":"closed","ping_status":"closed","template":"","meta":{"footnotes":""},"class_list":["post-2","page","type-page","status-publish","hentry"],"_links":{"self":[{"href":"https:\/\/old.sudeco.eu\/de\/wp-json\/wp\/v2\/pages\/2","targetHints":{"allow":["GET"]}}],"collection":[{"href":"https:\/\/old.sudeco.eu\/de\/wp-json\/wp\/v2\/pages"}],"about":[{"href":"https:\/\/old.sudeco.eu\/de\/wp-json\/wp\/v2\/types\/page"}],"author":[{"embeddable":true,"href":"https:\/\/old.sudeco.eu\/de\/wp-json\/wp\/v2\/users\/1"}],"replies":[{"embeddable":true,"href":"https:\/\/old.sudeco.eu\/de\/wp-json\/wp\/v2\/comments?post=2"}],"version-history":[{"count":183,"href":"https:\/\/old.sudeco.eu\/de\/wp-json\/wp\/v2\/pages\/2\/revisions"}],"predecessor-version":[{"id":1830,"href":"https:\/\/old.sudeco.eu\/de\/wp-json\/wp\/v2\/pages\/2\/revisions\/1830"}],"wp:attachment":[{"href":"https:\/\/old.sudeco.eu\/de\/wp-json\/wp\/v2\/media?parent=2"}],"curies":[{"name":"wp","href":"https:\/\/api.w.org\/{rel}","templated":true}]}}