{"id":23,"date":"2016-06-07T15:08:53","date_gmt":"2016-06-07T13:08:53","guid":{"rendered":"http:\/\/old.sudeco.eu\/wordpress\/?page_id=23"},"modified":"2024-02-24T15:31:29","modified_gmt":"2024-02-24T14:31:29","slug":"office","status":"publish","type":"page","link":"https:\/\/old.sudeco.eu\/de\/office\/","title":{"rendered":"\u00dcber uns"},"content":{"rendered":"<div id=\"pl-23\"  class=\"panel-layout\" ><div id=\"pg-23-0\"  class=\"panel-grid panel-no-style\" ><div id=\"pgc-23-0-0\"  class=\"panel-grid-cell\" ><div id=\"panel-23-0-0-0\" class=\"so-panel widget widget_sow-editor panel-first-child panel-last-child\" data-index=\"0\" ><div class=\"panel-widget-style panel-widget-style-for-23-0-0-0\" ><div\n\t\t\t\n\t\t\tclass=\"so-widget-sow-editor so-widget-sow-editor-base\"\n\t\t\t\n\t\t>\n<div class=\"siteorigin-widget-tinymce textwidget\">\n\t<blockquote id=\"\" class=\"blockquote-reverse \">SUDECO - kurz f\u00fcr SUstainable DEvelopment COncepts - wurde 2015 in Paris gegr\u00fcndet.<br \/>\nDer Firmensitz ist seit 2021 in Dettingen an der Iller.<\/blockquote>\n<\/div>\n<\/div><\/div><\/div><\/div><\/div><div id=\"pg-23-1\"  class=\"panel-grid panel-no-style\" ><div id=\"pgc-23-1-0\"  class=\"panel-grid-cell panel-grid-cell-mobile-last\" ><div id=\"panel-23-1-0-0\" class=\"so-panel widget widget_sow-editor panel-first-child panel-last-child\" data-index=\"1\" ><div\n\t\t\t\n\t\t\tclass=\"so-widget-sow-editor so-widget-sow-editor-base\"\n\t\t\t\n\t\t>\n<div class=\"siteorigin-widget-tinymce textwidget\">\n\t<\/p>\n<h3 style=\"text-align: left;\"><strong>\u00a0SUDECO MANAGEMENT<\/strong><\/h3>\n<style type=\"text\/css\" scoped=\"scoped\">.divider-69ddb9f2c9ed0{ margin-top: -28px;margin-bottom:8px;width:100%;}.divider-69ddb9f2c9ed0 .divider-border{border-bottom-width:1px; border-color:#70b530;}.divider-69ddb9f2c9ed0 .double-line.divider-inner-item .divider-inner{border-top-width: 1px; border-bottom-width: 1px;}.divider-69ddb9f2c9ed0 .divider-border.divider-inner-item .divider-inner{ border-bottom-width: 1px;} <\/style><div class=\" divider divider-69ddb9f2c9ed0 divider-border\" id=\"\" style=\"margin-top:; margin-bottom:;\"><div class=\"divider-inner divider-border\"><\/div><\/div>\n<\/div>\n<\/div><\/div><\/div><div id=\"pgc-23-1-1\"  class=\"panel-grid-cell panel-grid-cell-empty\" ><\/div><\/div><div id=\"pg-23-2\"  class=\"panel-grid panel-no-style\" ><div id=\"pgc-23-2-0\"  class=\"panel-grid-cell\" ><div id=\"panel-23-2-0-0\" class=\"so-panel widget widget_sow-editor panel-first-child panel-last-child\" data-index=\"2\" ><div\n\t\t\t\n\t\t\tclass=\"so-widget-sow-editor so-widget-sow-editor-base\"\n\t\t\t\n\t\t>\n<div class=\"siteorigin-widget-tinymce textwidget\">\n\t<style type=\"text\/css\" scoped=\"scoped\">.person-69ddb9f2c9fa9 .person-vcard.person-social li a i{ border-radius: 4px; background-color:#dd3333;}.person-69ddb9f2c9fa9 .person-vcard.person-social li a img{ border-radius: 4px; background-color:#dd3333;} .person-69ddb9f2c9fa9 .img-box img{ border-radius: 1px; display: inline-block;} .person-69ddb9f2c9fa9 .img-box img{border-width: 1px;border-style: solid;}<\/style><div class=\"magee-person-box  person-69ddb9f2c9fa9 \" id = \"\"><div class=\"person-img-box\"><div class=\"img-box figcaption-middle text-center fade-in\"><a target=\"_blank\" href=\"#\" ><img decoding=\"async\" src=\"http:\/\/old.sudeco.eu\/wp-content\/uploads\/2016\/06\/Stefan_Niederhafner_Photo-e1466191212685.jpg\"><div class=\"img-overlay primary\" style=\"background-color:rgba(0,0,0,0.5);\"><div class=\"img-overlay-container\"><div class=\"img-overlay-content\"><i class=\"fa fa-link\"><\/i><\/div><\/div><\/div><\/a><\/div><\/div> <div class=\"person-vcard text-center\"><h3 class=\"person-name\" style=\"text-transform: uppercase;\">Stefan Niederhafner<\/h3> <h4 class=\"person-title\" style=\"text-transform: uppercase;\">Founder and Managing Director<\/h4> <p class=\"person-desc\"><\/p><ul class=\"person-social\" > <li><a href=\"https:\/\/www.linkedin.com\/in\/stefan-niederhafner-96889290\"><i class=\"fa fa-linkedin\"><\/i><\/a><\/li> <li><a href=\"https:\/\/twitter.com\/stniederhafner\"><i class=\"fa fa-twitter\"><\/i><\/a><\/li> <li><a href=\"mailto:info@old.sudeco.eu\"><i class=\"fa fa-envelope-o\"><\/i><\/a><\/li><\/ul><\/div><\/div>\n<\/div>\n<\/div><\/div><\/div><div id=\"pgc-23-2-1\"  class=\"panel-grid-cell\" ><div id=\"panel-23-2-1-0\" class=\"so-panel widget widget_sow-editor panel-first-child panel-last-child\" data-index=\"3\" ><div\n\t\t\t\n\t\t\tclass=\"so-widget-sow-editor so-widget-sow-editor-base\"\n\t\t\t\n\t\t>\n<div class=\"siteorigin-widget-tinymce textwidget\">\n\t<p style=\"text-align: justify;\">Stefan Niederhafner ist Gr\u00fcnder und Gesch\u00e4ftsf\u00fchrer von Sudeco. Dar\u00fcber hinaus unterrichtet er an der SciencesPo. Er ist diplomierter (FU Berlin) und promovierter (TU Darmstadt) Politikwissenschaftler, und war unter anderem f\u00fcnf Jahre am Wissenschaftszentrum Berlin f\u00fcr Sozialforschung sowie mehr als vier Jahre als Assistant Professor an der Seoul National University. Als Gastwissenschaftler arbeitete er unter anderem an der UC Berkeley, der KU L\u00f6wen und der Hitotsubashi University Tokyo.<\/p>\n<p>2006 begann er als freier Mitarbeiter f\u00fcr die deutsche corporate foresight Firma z-Punkt Trendanalysen und Kurzstudien zu verfassen, und ist seitdem im akademischen wie auch im Beratungsbereich t\u00e4tig. <\/p>\n<p>Er forscht und unterrichtet seit mehr 15 Jahren im Bereich Energie- und Klimapolitik, Green Growth, Governance in komplexen Mehrebenensystemen, glokaler nachhaltiger Entwicklung und Europ\u00e4ischer Integration, wobei er die vorausschauende Perspektive der corporate foresight auch in seinen akademischen Arbeiten beibeh\u00e4lt.<\/p>\n<p>Stefan Niederhafner ist ein erfahrener Redner, Seminarorganisator und Moderator. Er hat umfassende Erfahrung mit verschiedenen Diskussionsformaten und Pr\u00e4sentationsformen sowie in der Ansprache von Menschen jeglichen Alters und unterschiedlicher Kultur.<\/p>\n<p style=\"text-align: justify;\">\u00a0<\/p>\n<p style=\"text-align: center;\"><style type=\"text\/css\"> .magee-btn-normal,.magee-btn-normal:hover{text-decoration:none !important;}a.button-69ddb9f2ca0aa,a.button-69ddb9f2ca0aa:hover{color:#ffffff;}a.button-69ddb9f2ca0aa {color: #ffffff !important;border-color: #ffffff !important;}a.button-69ddb9f2ca0aa {background-color:#70B530 !important;}a.button-69ddb9f2ca0aa:active,\r\n\t\t\ta.button-69ddb9f2ca0aa:hover,\r\n\t\t\ta.button-69ddb9f2ca0aa:focus\r\n\t\t\t{background-color:#65a32b !important;}<\/style><a href=\"http:\/\/old.sudeco.eu\/publications\/%20\" target=\"_self\" style=\"\" class=\"butonstyle magee-btn-normal button-69ddb9f2ca0aa btn-md\" id=\"\"><i class=\"fa fa-book \"><\/i>  Publikationen<\/a> <style type=\"text\/css\"> .magee-btn-normal,.magee-btn-normal:hover{text-decoration:none !important;}a.button-69ddb9f2ca0d2,a.button-69ddb9f2ca0d2:hover{color:#ffffff;}a.button-69ddb9f2ca0d2 {color: #ffffff !important;border-color: #ffffff !important;}a.button-69ddb9f2ca0d2 {background-color:#70B530 !important;}a.button-69ddb9f2ca0d2:active,\r\n\t\t\ta.button-69ddb9f2ca0d2:hover,\r\n\t\t\ta.button-69ddb9f2ca0d2:focus\r\n\t\t\t{background-color:#65a32b !important;}<\/style><a href=\"http:\/\/old.sudeco.eu\/presentations\/\" target=\"_self\" style=\"\" class=\"butonstyle magee-btn-normal button-69ddb9f2ca0d2 btn-md\" id=\"\"><i class=\"fa fa-comment \"><\/i>  Vortr\u00e4ge<\/a> <style type=\"text\/css\"> .magee-btn-normal,.magee-btn-normal:hover{text-decoration:none !important;}a.button-69ddb9f2ca0eb,a.button-69ddb9f2ca0eb:hover{color:#ffffff;}a.button-69ddb9f2ca0eb {color: #ffffff !important;border-color: #ffffff !important;}a.button-69ddb9f2ca0eb {background-color:#70B530 !important;}a.button-69ddb9f2ca0eb:active,\r\n\t\t\ta.button-69ddb9f2ca0eb:hover,\r\n\t\t\ta.button-69ddb9f2ca0eb:focus\r\n\t\t\t{background-color:#65a32b !important;}<\/style><a href=\"http:\/\/old.sudeco.eu\/course-lectures\/\" target=\"_self\" style=\"\" class=\"butonstyle magee-btn-normal button-69ddb9f2ca0eb btn-md\" id=\"\"><i class=\"fa fa-university \"><\/i>  Lehrveranstaltungen<\/a><\/p><\/p>\n<\/div>\n<\/div><\/div><\/div><\/div><div id=\"pg-23-3\"  class=\"panel-grid panel-no-style\" ><div id=\"pgc-23-3-0\"  class=\"panel-grid-cell\" ><div id=\"panel-23-3-0-0\" class=\"so-panel widget widget_sow-editor panel-first-child panel-last-child\" data-index=\"4\" ><div\n\t\t\t\n\t\t\tclass=\"so-widget-sow-editor so-widget-sow-editor-base\"\n\t\t\t\n\t\t>\n<div class=\"siteorigin-widget-tinymce textwidget\">\n\t<\/p>\n<h3><strong> HR AND HIRING POLICY<\/strong><\/h3>\n<style type=\"text\/css\" scoped=\"scoped\">.divider-69ddb9f2ca205{ margin-top: -28px;margin-bottom:8px;width:100%;}.divider-69ddb9f2ca205 .divider-border{border-bottom-width:1px; border-color:#70b530;}.divider-69ddb9f2ca205 .double-line.divider-inner-item .divider-inner{border-top-width: 1px; border-bottom-width: 1px;}.divider-69ddb9f2ca205 .divider-border.divider-inner-item .divider-inner{ border-bottom-width: 1px;} <\/style><div class=\" divider divider-69ddb9f2ca205 divider-border\" id=\"\" style=\"margin-top:; margin-bottom:;\"><div class=\"divider-inner divider-border\"><\/div><\/div>\n<div class=\"textwidget\" style=\"text-align: justify; color: #404040;\">SUDECO's entire co-operation, contracting, hiring, employment, and career progression policies are designed to ensure that we engage with people without regard to their race, colour, religion, national origin, citizenship, age, sex, sexual orientation, marital status, or socio-economic background. All criteria applied by SUDECO are solely based on qualifications, competencies, and performances.<\/div><\/p>\n<\/div>\n<\/div><\/div><\/div><div id=\"pgc-23-3-1\"  class=\"panel-grid-cell\" ><div id=\"panel-23-3-1-0\" class=\"so-panel widget widget_sow-editor panel-first-child panel-last-child\" data-index=\"5\" ><div class=\"panel-widget-style panel-widget-style-for-23-3-1-0\" ><div\n\t\t\t\n\t\t\tclass=\"so-widget-sow-editor so-widget-sow-editor-base\"\n\t\t\t\n\t\t>\n<div class=\"siteorigin-widget-tinymce textwidget\">\n\t<h3><strong>\u00a0<\/strong><strong>Stellenausschreibungen<\/strong><\/h3>\n<style type=\"text\/css\" scoped=\"scoped\">.divider-69ddb9f2ca2ef{ margin-top: -28px;margin-bottom:8px;width:100%;}.divider-69ddb9f2ca2ef .divider-border{border-bottom-width:1px; border-color:#70b530;}.divider-69ddb9f2ca2ef .double-line.divider-inner-item .divider-inner{border-top-width: 1px; border-bottom-width: 1px;}.divider-69ddb9f2ca2ef .divider-border.divider-inner-item .divider-inner{ border-bottom-width: 1px;} <\/style><div class=\" divider divider-69ddb9f2ca2ef divider-border\" id=\"\" style=\"margin-top:; margin-bottom:;\"><div class=\"divider-inner divider-border\"><\/div><\/div>\n<style type=\"text\/css\" scoped=\"scoped\">.panel-69ddb9f2ca306 h3.panel-title{color:#000;}.panel-69ddb9f2ca306{border-color:#ddd;}.panel-69ddb9f2ca306 .panel-heading{background-color:#dddddd;over-flow:hidden;}.panel-69ddb9f2ca306{border-radius:0px;} <\/style><div class=\"panel magee-panel  panel-69ddb9f2ca306\" id=\"\">\r\n                                        <div class=\"panel-heading\">\r\n                                            <h3 class=\"panel-title\">Job title<\/h3>\r\n                                        <\/div>\r\n                                        <div class=\"panel-body\">\r\n                                            derzeit leider keine Ausschreibungen\u00a0\r\n                                        <\/div>\r\n                                    <\/div>\n<\/div>\n<\/div><\/div><\/div><\/div><\/div><\/div>","protected":false},"excerpt":{"rendered":"<p>\u00a0SUDECO MANAGEMENT<\/p>\n","protected":false},"author":1,"featured_media":0,"parent":0,"menu_order":4,"comment_status":"closed","ping_status":"closed","template":"","meta":{"footnotes":""},"class_list":["post-23","page","type-page","status-publish","hentry"],"_links":{"self":[{"href":"https:\/\/old.sudeco.eu\/de\/wp-json\/wp\/v2\/pages\/23","targetHints":{"allow":["GET"]}}],"collection":[{"href":"https:\/\/old.sudeco.eu\/de\/wp-json\/wp\/v2\/pages"}],"about":[{"href":"https:\/\/old.sudeco.eu\/de\/wp-json\/wp\/v2\/types\/page"}],"author":[{"embeddable":true,"href":"https:\/\/old.sudeco.eu\/de\/wp-json\/wp\/v2\/users\/1"}],"replies":[{"embeddable":true,"href":"https:\/\/old.sudeco.eu\/de\/wp-json\/wp\/v2\/comments?post=23"}],"version-history":[{"count":340,"href":"https:\/\/old.sudeco.eu\/de\/wp-json\/wp\/v2\/pages\/23\/revisions"}],"predecessor-version":[{"id":1835,"href":"https:\/\/old.sudeco.eu\/de\/wp-json\/wp\/v2\/pages\/23\/revisions\/1835"}],"wp:attachment":[{"href":"https:\/\/old.sudeco.eu\/de\/wp-json\/wp\/v2\/media?parent=23"}],"curies":[{"name":"wp","href":"https:\/\/api.w.org\/{rel}","templated":true}]}}