{"id":25,"date":"2016-06-07T15:10:15","date_gmt":"2016-06-07T13:10:15","guid":{"rendered":"http:\/\/old.sudeco.eu\/wordpress\/?page_id=25"},"modified":"2017-01-25T16:53:35","modified_gmt":"2017-01-25T15:53:35","slug":"clients","status":"publish","type":"page","link":"https:\/\/old.sudeco.eu\/de\/clients\/","title":{"rendered":"Kunden"},"content":{"rendered":"<div id=\"pl-25\"  class=\"panel-layout\" ><div id=\"pg-25-0\"  class=\"panel-grid panel-no-style\" ><div id=\"pgc-25-0-0\"  class=\"panel-grid-cell\" ><div id=\"panel-25-0-0-0\" class=\"so-panel widget widget_sow-editor panel-first-child panel-last-child\" data-index=\"0\" ><div class=\"panel-widget-style panel-widget-style-for-25-0-0-0\" ><div\n\t\t\t\n\t\t\tclass=\"so-widget-sow-editor so-widget-sow-editor-base\"\n\t\t\t\n\t\t>\n<div class=\"siteorigin-widget-tinymce textwidget\">\n\t<\/p>\n<blockquote id=\"\" class=\"blockquote-reverse \">Zu Sudecos Kundenkreis geh\u00f6ren private Unternehmen, \u00f6ffentliche Institutionen, Nichtregierungsorganisiationen und Universit\u00e4ten aus Deutschland, Frankreich und von der europ\u00e4ischen Ebene. <\/blockquote>\n<\/div>\n<\/div><\/div><\/div><\/div><\/div><div id=\"pg-25-1\"  class=\"panel-grid panel-no-style\" ><div id=\"pgc-25-1-0\"  class=\"panel-grid-cell\" ><div id=\"panel-25-1-0-0\" class=\"so-panel widget widget_sow-editor panel-first-child panel-last-child\" data-index=\"1\" ><div\n\t\t\t\n\t\t\tclass=\"so-widget-sow-editor so-widget-sow-editor-base\"\n\t\t\t\n\t\t>\n<div class=\"siteorigin-widget-tinymce textwidget\">\n\t<p><a href=\"http:\/\/www.foresight-solutions.com\/\" target=\"_blank\"><img loading=\"lazy\" decoding=\"async\" class=\"size-full wp-image-448 aligncenter\" style=\"margin-top: -10px;\" src=\"http:\/\/old.sudeco.eu\/wp-content\/uploads\/2015\/12\/avenitur_logo.png\" alt=\"Avenitur\" width=\"213\" height=\"145\" \/><\/a><\/p>\n<\/div>\n<\/div><\/div><\/div><div id=\"pgc-25-1-1\"  class=\"panel-grid-cell\" ><div id=\"panel-25-1-1-0\" class=\"so-panel widget widget_sow-editor panel-first-child panel-last-child\" data-index=\"2\" ><div\n\t\t\t\n\t\t\tclass=\"so-widget-sow-editor so-widget-sow-editor-base\"\n\t\t\t\n\t\t>\n<div class=\"siteorigin-widget-tinymce textwidget\">\n\t<p><a href=\"https:\/\/www.foeeurope.org\/\" target=\"_blank\"><img loading=\"lazy\" decoding=\"async\" class=\"size-full wp-image-466 aligncenter\" src=\"http:\/\/old.sudeco.eu\/wp-content\/uploads\/2016\/06\/Friends_of_the_earth_europe_logo.png\" alt=\"Friends_of_the_earth_europe_logo\" width=\"213\" height=\"145\" style=\"margin-top:-10px;\"\/><\/a><\/p>\n<\/div>\n<\/div><\/div><\/div><div id=\"pgc-25-1-2\"  class=\"panel-grid-cell\" ><div id=\"panel-25-1-2-0\" class=\"so-panel widget widget_sow-editor panel-first-child panel-last-child\" data-index=\"3\" ><div\n\t\t\t\n\t\t\tclass=\"so-widget-sow-editor so-widget-sow-editor-base\"\n\t\t\t\n\t\t>\n<div class=\"siteorigin-widget-tinymce textwidget\">\n\t<p><a href=\"http:\/\/www.eao-otzenhausen.de\/en\/\" target=\"_blank\"><img loading=\"lazy\" decoding=\"async\" class=\"size-full wp-image-470 aligncenter\" src=\"http:\/\/old.sudeco.eu\/wp-content\/uploads\/2016\/06\/EAO_logo.png\" alt=\"EAO_logo\" width=\"213\" height=\"145\" style=\"margin-top:-10px;\"\/><\/a><\/p>\n<\/div>\n<\/div><\/div><\/div><\/div><div id=\"pg-25-2\"  class=\"panel-grid panel-no-style\" ><div id=\"pgc-25-2-0\"  class=\"panel-grid-cell\" ><div id=\"panel-25-2-0-0\" class=\"so-panel widget widget_sow-editor panel-first-child panel-last-child\" data-index=\"4\" ><div\n\t\t\t\n\t\t\tclass=\"so-widget-sow-editor so-widget-sow-editor-base\"\n\t\t\t\n\t\t>\n<div class=\"siteorigin-widget-tinymce textwidget\">\n\t<p><a href=\"http:\/\/www.sciencespo.fr\/\" target=\"_blank\"><img loading=\"lazy\" decoding=\"async\" class=\"size-full wp-image-467 aligncenter\" src=\"http:\/\/old.sudeco.eu\/wp-content\/uploads\/2016\/06\/SciencesPo-logo.png\" alt=\"SciencesPo-logo\" width=\"213\" height=\"145\" style=\"margin-top:-10px;\"\/><\/a><\/p>\n<\/div>\n<\/div><\/div><\/div><div id=\"pgc-25-2-1\"  class=\"panel-grid-cell\" ><div id=\"panel-25-2-1-0\" class=\"so-panel widget widget_sow-editor panel-first-child panel-last-child\" data-index=\"5\" ><div\n\t\t\t\n\t\t\tclass=\"so-widget-sow-editor so-widget-sow-editor-base\"\n\t\t\t\n\t\t>\n<div class=\"siteorigin-widget-tinymce textwidget\">\n\t<p><a href=\"https:\/\/www.goethe.de\/ins\/fr\/de\/sta\/par.html\" target=\"_blank\"><img loading=\"lazy\" decoding=\"async\" class=\"size-full wp-image-467 aligncenter\" style=\"margin-top: -10px;\" src=\"http:\/\/old.sudeco.eu\/wp-content\/uploads\/2017\/01\/goethe-institut-logo.png\" alt=\"-Goethe-Institut Paris\" width=\"213\" height=\"145\" \/><\/a><\/p>\n<\/div>\n<\/div><\/div><\/div><div id=\"pgc-25-2-2\"  class=\"panel-grid-cell\" ><div id=\"panel-25-2-2-0\" class=\"so-panel widget widget_sow-editor panel-first-child panel-last-child\" data-index=\"6\" ><div\n\t\t\t\n\t\t\tclass=\"so-widget-sow-editor so-widget-sow-editor-base\"\n\t\t\t\n\t\t>\n<div class=\"siteorigin-widget-tinymce textwidget\">\n\t<p><a href=\"http:\/\/www.sciencespo.fr\/\" target=\"_blank\"><img loading=\"lazy\" decoding=\"async\" class=\"size-full wp-image-467 aligncenter\" style=\"margin-top: -10px;\" src=\"http:\/\/old.sudeco.eu\/wp-content\/uploads\/2016\/10\/Darmstadt_Logo.png\" alt=\"Darmstadt City\" width=\"213\" height=\"145\" \/><\/a><\/p>\n<\/div>\n<\/div><\/div><\/div><\/div><div id=\"pg-25-3\"  class=\"panel-grid panel-no-style\" ><div id=\"pgc-25-3-0\"  class=\"panel-grid-cell panel-grid-cell-empty\" ><\/div><\/div><\/div>","protected":false},"excerpt":{"rendered":"<p>Zu Sudecos Kundenkreis geh\u00f6ren private Unternehmen, \u00f6ffentliche Institutionen, Nichtregierungsorganisiationen und Universit\u00e4ten aus Deutschland, Frankreich und von der europ\u00e4ischen Ebene.<\/p>\n","protected":false},"author":1,"featured_media":0,"parent":0,"menu_order":6,"comment_status":"closed","ping_status":"closed","template":"","meta":{"footnotes":""},"class_list":["post-25","page","type-page","status-publish","hentry"],"_links":{"self":[{"href":"https:\/\/old.sudeco.eu\/de\/wp-json\/wp\/v2\/pages\/25","targetHints":{"allow":["GET"]}}],"collection":[{"href":"https:\/\/old.sudeco.eu\/de\/wp-json\/wp\/v2\/pages"}],"about":[{"href":"https:\/\/old.sudeco.eu\/de\/wp-json\/wp\/v2\/types\/page"}],"author":[{"embeddable":true,"href":"https:\/\/old.sudeco.eu\/de\/wp-json\/wp\/v2\/users\/1"}],"replies":[{"embeddable":true,"href":"https:\/\/old.sudeco.eu\/de\/wp-json\/wp\/v2\/comments?post=25"}],"version-history":[{"count":45,"href":"https:\/\/old.sudeco.eu\/de\/wp-json\/wp\/v2\/pages\/25\/revisions"}],"predecessor-version":[{"id":1736,"href":"https:\/\/old.sudeco.eu\/de\/wp-json\/wp\/v2\/pages\/25\/revisions\/1736"}],"wp:attachment":[{"href":"https:\/\/old.sudeco.eu\/de\/wp-json\/wp\/v2\/media?parent=25"}],"curies":[{"name":"wp","href":"https:\/\/api.w.org\/{rel}","templated":true}]}}