{"id":599,"date":"2016-06-24T15:35:29","date_gmt":"2016-06-24T13:35:29","guid":{"rendered":"http:\/\/old.sudeco.eu\/?page_id=599"},"modified":"2016-07-19T16:22:50","modified_gmt":"2016-07-19T14:22:50","slug":"areas_of_competence","status":"publish","type":"page","link":"https:\/\/old.sudeco.eu\/de\/areas_of_competence\/","title":{"rendered":"Kompetenzfelder"},"content":{"rendered":"<div id=\"pl-599\"  class=\"panel-layout\" ><div id=\"pg-599-0\"  class=\"panel-grid panel-no-style\" ><div id=\"pgc-599-0-0\"  class=\"panel-grid-cell\" ><div id=\"panel-599-0-0-0\" class=\"so-panel widget widget_sow-editor panel-first-child panel-last-child\" data-index=\"0\" ><div\n\t\t\t\n\t\t\tclass=\"so-widget-sow-editor so-widget-sow-editor-base\"\n\t\t\t\n\t\t>\n<div class=\"siteorigin-widget-tinymce textwidget\">\n\t<h3 class=\"widget-title\"><i id=\"\" class=\" fa fa-leaf\" style=\"font-size:20px;color:#70B530;\"><\/i><strong>Die Zukunft: Modelle nachhaltiger Kreislaufwirtschaft, angetrieben von erneuerbaren Energien<\/strong><\/h3>\n<p><strong>Jede Organisation, Firma, \u00f6ffentliche Verwaltung, <\/strong><strong>NGO und jeder V<\/strong><strong>erein hat die Herausforderungen zu bew\u00e4ltigen, die die Ver\u00e4nderungen im Energiesektor und der Klimawandel mit sich bringen. \u201eBusiness as usual\u201c, die Weiterf\u00fchrung \u00fcberkommener, linearer Gesch\u00e4fts- und Organisationsformen, muss durch neue, nachhaltige und zirkul\u00e4r orientierte Konzepte ersetzt werden. <\/strong><\/p>\n<p>Um die anstehende Transformation hin zu nachhaltigen Gesch\u00e4fts- und Organisationsmodellen bestm\u00f6glichst zu nutzen, ist intelligente Planung unabdingbar. Eine strategische, umfassende und nachhaltige Zukunftsplanung macht den Unterschied zwischen den Organisationen aus, die diesen Wandel mit Gewinn nutzen, und denen, die sich st\u00e4ndig nur mit neuen Kosten konfrontiert sehen.<\/p>\n<p>Weiter unten finden Sie eine kurze Liste exemplarischer Schl\u00fcsseltrends und -treiber unserer Kompetenzfelder, die in strategische Zukunftsplanung mit einbezogen werden m\u00fcssen. Detailliertere Informationen erhalten sie direkt bei uns:<\/p>\n<p style=\"text-align: center;\"><style type=\"text\/css\"> .magee-btn-normal,.magee-btn-normal:hover{text-decoration:none !important;}a.button-69dda17da9983,a.button-69dda17da9983:hover{color:#ffffff;}a.button-69dda17da9983 {color: #ffffff !important;border-color: #ffffff !important;}a.button-69dda17da9983 {background-color:#70B530 !important;}a.button-69dda17da9983:active,\r\n\t\t\ta.button-69dda17da9983:hover,\r\n\t\t\ta.button-69dda17da9983:focus\r\n\t\t\t{background-color:#65a32b !important;}<\/style><a href=\"http:\/\/old.sudeco.eu\/our-services\/\" target=\"_self\" style=\"\" class=\"butonstyle magee-btn-normal button-69dda17da9983 btn-md\" id=\"\">unsere Dienstleistungen<\/a><\/p>\n<p style=\"text-align: justify;\"><a href=\"http:\/\/old.sudeco.eu\/wp-content\/uploads\/2016\/06\/trees2.jpg\"><img loading=\"lazy\" decoding=\"async\" class=\"alignnone wp-image-1118 size-column1-2\/5\" src=\"http:\/\/old.sudeco.eu\/wp-content\/uploads\/2016\/06\/trees2-960x384.jpg\" alt=\"trees2\" width=\"960\" height=\"384\" srcset=\"https:\/\/old.sudeco.eu\/wp-content\/uploads\/2016\/06\/trees2-960x384.jpg 960w, https:\/\/old.sudeco.eu\/wp-content\/uploads\/2016\/06\/trees2-480x192.jpg 480w, https:\/\/old.sudeco.eu\/wp-content\/uploads\/2016\/06\/trees2-320x128.jpg 320w, https:\/\/old.sudeco.eu\/wp-content\/uploads\/2016\/06\/trees2-240x96.jpg 240w\" sizes=\"auto, (max-width: 960px) 100vw, 960px\" \/><\/a><\/p>\n<p style=\"text-align: justify;\"><style type=\"text\/css\" scoped=\"scoped\">.divider-69dda17da99a8{ margin-top: 30px;margin-bottom:30px;width:900px;}.divider-69dda17da99a8 .divider-border{border-bottom-width:5px; border-color:#dd3333;}.divider-69dda17da99a8 .double-line.divider-inner-item .divider-inner{border-top-width: 5px; border-bottom-width: 5px;}.divider-69dda17da99a8 .divider-border.divider-inner-item .divider-inner{ border-bottom-width: 5px;} <\/style><div class=\" divider divider-69dda17da99a8 divider-shadow center\" id=\"\" style=\"margin-top:; margin-bottom:;\"><div class=\"divider-inner divider-border\"><\/div><\/div><\/p>\n<\/div>\n<\/div><\/div><\/div><\/div><div id=\"pg-599-1\"  class=\"panel-grid panel-no-style\" ><div id=\"pgc-599-1-0\"  class=\"panel-grid-cell\" ><div id=\"panel-599-1-0-0\" class=\"so-panel widget widget_sow-editor panel-first-child panel-last-child\" data-index=\"1\" ><div\n\t\t\t\n\t\t\tclass=\"so-widget-sow-editor so-widget-sow-editor-base\"\n\t\t\t\n\t\t>\n<div class=\"siteorigin-widget-tinymce textwidget\">\n\t<h3 id=\"energy\" class=\"widget-title\">\n<h3 id=\"energy\" class=\"widget-title\"><i id=\"\" class=\" fa fa-fire\" style=\"font-size:20px;color:#70B530;\"><\/i> <strong>Ausgew\u00e4hlte disruptive Trends im Energiesektor<br \/> <\/strong><\/h3>\n<p>Die Transformation des Energiesektors wird durch eine Vielzahl kurz- bis langfristiger Trends vorangetrieben. Interdependente Faktoren im politischen, sozialen, \u00f6konomischen und technischen Bereich erh\u00f6hen die Nachfrage und verst\u00e4rken Preisschwankungen, w\u00e4hrend die Versorgungssicherheit sinkt. Gleichzeitig er\u00f6ffnen sich zahlreiche M\u00f6glichkeiten, eigene Risiken zu verringern und Kosten zu senken.<\/p>\n<p style=\"text-align: justify;\"><a href=\"http:\/\/old.sudeco.eu\/wp-content\/uploads\/2016\/06\/truc.jpg\"><img loading=\"lazy\" decoding=\"async\" class=\"alignright wp-image-1121\" style=\"float: right; paddin-right: 10px;\" src=\"http:\/\/old.sudeco.eu\/wp-content\/uploads\/2016\/06\/truc-320x320.jpg\" alt=\"truc\" width=\"290\" height=\"290\" srcset=\"https:\/\/old.sudeco.eu\/wp-content\/uploads\/2016\/06\/truc-320x320.jpg 320w, https:\/\/old.sudeco.eu\/wp-content\/uploads\/2016\/06\/truc-150x150.jpg 150w, https:\/\/old.sudeco.eu\/wp-content\/uploads\/2016\/06\/truc-300x300.jpg 300w, https:\/\/old.sudeco.eu\/wp-content\/uploads\/2016\/06\/truc-768x768.jpg 768w, https:\/\/old.sudeco.eu\/wp-content\/uploads\/2016\/06\/truc-480x480.jpg 480w, https:\/\/old.sudeco.eu\/wp-content\/uploads\/2016\/06\/truc-240x240.jpg 240w, https:\/\/old.sudeco.eu\/wp-content\/uploads\/2016\/06\/truc.jpg 960w\" sizes=\"auto, (max-width: 290px) 100vw, 290px\" \/><\/a>Unter den entscheidenen Trends sind:<\/p>\n<p style=\"text-align: justify;\"><i id=\"\" class=\" fa fa-arrow-right\" style=\"font-size:14px;color:#70b530;\"><\/i>\u00a0 Begrenzte Energietr\u00e4ger, vor allem fossile Brennstoffe, werden durch erneuerbare Energien ersetzt. <br \/> <i id=\"\" class=\" fa fa-arrow-right\" style=\"font-size:14px;color:#70b530;\"><\/i> Aufl\u00f6sung der Trennung zwischen Energieproduzenten und Energiekonsumenten. Immer mehr \"Endkunden\" produzieren und vertreiben Energie selbst.<br \/> <i id=\"\" class=\" fa fa-arrow-right\" style=\"font-size:14px;color:#70b530;\"><\/i>\u00a0 Verfielf\u00e4ltigung erneuerbarer Energieproduktion \u2013 abh\u00e4ngig von der lokalen Situation.<br \/> <i id=\"\" class=\" fa fa-arrow-right\" style=\"font-size:14px;color:#70b530;\"><\/i>\u00a0 Dezentralisierung und Verkleinerung von Energieproduktion, - transport und -speicherung.<br \/> <i id=\"\" class=\" fa fa-arrow-right\" style=\"font-size:14px;color:#70b530;\"><\/i>\u00a0 Auf- und Ausbau transregionaler und transkontinentaler Stromnetze.<br \/> <i id=\"\" class=\" fa fa-arrow-right\" style=\"font-size:14px;color:#70b530;\"><\/i>\u00a0 Steigende Investitionen in Forschung und Entwicklung alternativer Technologien und Gesch\u00e4ftskonzepte.<br \/> <i id=\"\" class=\" fa fa-arrow-right\" style=\"font-size:14px;color:#70b530;\"><\/i>\u00a0 Fortschreitende Mechanisierung und Automatisierung steigert die Energienachfrage<\/p>\n<p style=\"text-align: center;\"><strong>Sie wollen erfahren, welche zuk\u00fcnftigen Entwicklungen f\u00fcr Ihre Organisation entscheident sind?\u00a0<\/strong><\/p>\n<p style=\"text-align: center;\"><style type=\"text\/css\"> .magee-btn-normal,.magee-btn-normal:hover{text-decoration:none !important;}a.button-69dda17da9ce6,a.button-69dda17da9ce6:hover{color:#ffffff;}a.button-69dda17da9ce6 {color: #ffffff !important;border-color: #ffffff !important;}a.button-69dda17da9ce6 {background-color:#70B530 !important;}a.button-69dda17da9ce6:active,\r\n\t\t\ta.button-69dda17da9ce6:hover,\r\n\t\t\ta.button-69dda17da9ce6:focus\r\n\t\t\t{background-color:#65a32b !important;}<\/style><a href=\"http:\/\/old.sudeco.eu\/our-services\/\" target=\"_self\" style=\"\" class=\"butonstyle magee-btn-normal button-69dda17da9ce6 btn-md\" id=\"\"><i class=\"fa fa-reply \"><\/i>  unsere Dienstleistungen<\/a> \u00a0oder\u00a0 <style type=\"text\/css\"> .magee-btn-normal,.magee-btn-normal:hover{text-decoration:none !important;}a.button-69dda17da9d00,a.button-69dda17da9d00:hover{color:#ffffff;}a.button-69dda17da9d00 {color: #ffffff !important;border-color: #ffffff !important;}a.button-69dda17da9d00 {background-color:#70B530 !important;}a.button-69dda17da9d00:active,\r\n\t\t\ta.button-69dda17da9d00:hover,\r\n\t\t\ta.button-69dda17da9d00:focus\r\n\t\t\t{background-color:#65a32b !important;}<\/style><a href=\"http:\/\/old.sudeco.eu\/energy-climate-change-glocal-politics\/\" target=\"_self\" style=\"\" class=\"butonstyle magee-btn-normal button-69dda17da9d00 btn-md\" id=\"\"><i class=\"fa fa-reply \"><\/i>  Zur\u00fcck nach oben<\/a><\/p>\n<p style=\"text-align: center;\"><style type=\"text\/css\" scoped=\"scoped\">.divider-69dda17da9d11{ margin-top: 30px;margin-bottom:30px;width:900px;}.divider-69dda17da9d11 .divider-border{border-bottom-width:5px; border-color:#dd3333;}.divider-69dda17da9d11 .double-line.divider-inner-item .divider-inner{border-top-width: 5px; border-bottom-width: 5px;}.divider-69dda17da9d11 .divider-border.divider-inner-item .divider-inner{ border-bottom-width: 5px;} <\/style><div class=\" divider divider-69dda17da9d11 divider-shadow center\" id=\"\" style=\"margin-top:; margin-bottom:;\"><div class=\"divider-inner divider-border\"><\/div><\/div><\/p>\n<\/div>\n<\/div><\/div><\/div><\/div><div id=\"pg-599-2\"  class=\"panel-grid panel-no-style\" ><div id=\"pgc-599-2-0\"  class=\"panel-grid-cell\" ><div id=\"panel-599-2-0-0\" class=\"so-panel widget widget_sow-editor panel-first-child panel-last-child\" data-index=\"2\" ><div\n\t\t\t\n\t\t\tclass=\"so-widget-sow-editor so-widget-sow-editor-base\"\n\t\t\t\n\t\t>\n<div class=\"siteorigin-widget-tinymce textwidget\">\n\t<h3 id=\"climate\" class=\"widget-title\">\n<h3 id=\"climate\" class=\"widget-title\"><i id=\"\" class=\" fa fa-tint\" style=\"font-size:20px;color:#70B530;\"><\/i>\u00a0 <strong>Ausgew\u00e4hlte disruptive Trends verursacht durch den Klimawandel<\/strong><\/h3>\n<p style=\"text-align: justify;\"><strong>Die Folgen des Klimawandels betreffen jeden. <\/strong>Durchschnittstemperaturen steigen. Extreme Wetterph\u00e4nomene, z.B. pl\u00f6tzliche Starkregen, hohe Spitzentemperaturen, Hitzewellen und D\u00fcrren kommen h\u00e4ufiger und gewinnen an Intensit\u00e4t. Energie- und Emissionsstandards werden weltweit versch\u00e4rft und entsprechende politische Regelwerke entwickelt.<strong>\u00a0 Das beinflusst die Bau- und Stadtplanung, Produktionsprozesse, Kauf- und Konsumentscheidungen, und viele weitere Bereiche.\u00a0\u00a0<\/strong><\/p>\n<div style=\"float: right;\">\n<p style=\"text-align: center;\"><strong>Mitgliedsstaaten des Pariser UN COP 21-Abkommens <br \/><\/strong><\/p>\n<p><a href=\"http:\/\/old.sudeco.eu\/wp-content\/uploads\/2016\/06\/map.png\"><img loading=\"lazy\" decoding=\"async\" class=\"wp-image-1131 size-column2-1\/2 aligncenter\" src=\"http:\/\/old.sudeco.eu\/wp-content\/uploads\/2016\/06\/map-480x240.png\" alt=\"map\" width=\"480\" height=\"240\" srcset=\"https:\/\/old.sudeco.eu\/wp-content\/uploads\/2016\/06\/map-480x240.png 480w, https:\/\/old.sudeco.eu\/wp-content\/uploads\/2016\/06\/map-320x160.png 320w, https:\/\/old.sudeco.eu\/wp-content\/uploads\/2016\/06\/map-240x120.png 240w\" sizes=\"auto, (max-width: 480px) 100vw, 480px\" \/><\/a><\/p>\n<p style=\"text-align: center;\"><i id=\"\" class=\" fa fa-circle\" style=\"font-size:10px;color:#90EE90;\"><\/i> unterzeichnet <i id=\"\" class=\" fa fa-circle\" style=\"font-size:10px;color:#FFA500;\"><\/i> ratifiziert (Stand 06\/2016)\u00a0<i id=\"\" class=\" fa fa-circle\" style=\"font-size:10px;color:#B9B9B9;\"><\/i><\/p>\n<\/div>\n<p style=\"text-align: justify;\">Unter den entscheidenden Trends sind:<\/p>\n<p><i id=\"\" class=\" fa fa-arrow-right\" style=\"font-size:14px;color:#70b530;\"><\/i>\u00a0 Steigende Investitionen in Treibhausgas neutrale Technologien, nicht nur im Bereich der Energieproduktion;<br \/> <i id=\"\" class=\" fa fa-arrow-right\" style=\"font-size:14px;color:#70b530;\"><\/i>\u00a0 Einf\u00fchrung oder fortentwicklung entsprechender Rahmengesetzgebung und Standardsetzung auf lokaler, nationaler, regional\/europ\u00e4ischer und globaler Ebene nicht nur in Verbindung mit dem Pariser COP 21 Abkommen (siehe Karte links);<br \/> <i id=\"\" class=\" fa fa-arrow-right\" style=\"font-size:14px;color:#70b530;\"><\/i>\u00a0 Steigende Investitionen in Anpassungsma\u00dfnahmen;<br \/> <i id=\"\" class=\" fa fa-arrow-right\" style=\"font-size:14px;color:#70b530;\"><\/i>\u00a0 Investitionen im Bereich fossiler Energietr\u00e4ger fallen;<br \/> <i id=\"\" class=\" fa fa-arrow-right\" style=\"font-size:14px;color:#70b530;\"><\/i>\u00a0 Der CO2-Zertifikatshandel intensiviert sich in bestimmten Regionen;<br \/> <i id=\"\" class=\" fa fa-arrow-right\" style=\"font-size:14px;color:#70b530;\"><\/i>\u00a0 \"Klimaneutrale\" Produktzertifikate werden kaufentscheident;<br \/> <i id=\"\" class=\" fa fa-arrow-right\" style=\"font-size:14px;color:#70b530;\"><\/i>\u00a0 Wirtschaftshilfen und Entwicklungsprogramme werden zunehmend mit Klimaschutzaspekten verbunden.<\/p>\n<p style=\"text-align: center;\"><strong>Sie wollen besser verstehen, mit welchen Ver\u00e4nderungen Ihre Organisation zu rechnen hat? <br \/><\/strong><\/p>\n<p style=\"text-align: center;\"><style type=\"text\/css\"> .magee-btn-normal,.magee-btn-normal:hover{text-decoration:none !important;}a.button-69dda17da9fd6,a.button-69dda17da9fd6:hover{color:#ffffff;}a.button-69dda17da9fd6 {color: #ffffff !important;border-color: #ffffff !important;}a.button-69dda17da9fd6 {background-color:#70B530 !important;}a.button-69dda17da9fd6:active,\r\n\t\t\ta.button-69dda17da9fd6:hover,\r\n\t\t\ta.button-69dda17da9fd6:focus\r\n\t\t\t{background-color:#65a32b !important;}<\/style><a href=\"http:\/\/old.sudeco.eu\/our-services\/\" target=\"_self\" style=\"\" class=\"butonstyle magee-btn-normal button-69dda17da9fd6 btn-md\" id=\"\"><i class=\"fa fa-reply \"><\/i>  unsere Dienstleistungen<\/a> \u00a0oder \u00a0<style type=\"text\/css\"> .magee-btn-normal,.magee-btn-normal:hover{text-decoration:none !important;}a.button-69dda17da9fee,a.button-69dda17da9fee:hover{color:#ffffff;}a.button-69dda17da9fee {color: #ffffff !important;border-color: #ffffff !important;}a.button-69dda17da9fee {background-color:#70B530 !important;}a.button-69dda17da9fee:active,\r\n\t\t\ta.button-69dda17da9fee:hover,\r\n\t\t\ta.button-69dda17da9fee:focus\r\n\t\t\t{background-color:#65a32b !important;}<\/style><a href=\"http:\/\/old.sudeco.eu\/energy-climate-change-glocal-politics\/\" target=\"_self\" style=\"\" class=\"butonstyle magee-btn-normal button-69dda17da9fee btn-md\" id=\"\"><i class=\"fa fa-reply \"><\/i>  Zur\u00fcck nach oben<\/a><\/p>\n<p style=\"text-align: center;\"><style type=\"text\/css\" scoped=\"scoped\">.divider-69dda17da9fff{ margin-top: 30px;margin-bottom:30px;width:900px;}.divider-69dda17da9fff .divider-border{border-bottom-width:5px; border-color:#dd3333;}.divider-69dda17da9fff .double-line.divider-inner-item .divider-inner{border-top-width: 5px; border-bottom-width: 5px;}.divider-69dda17da9fff .divider-border.divider-inner-item .divider-inner{ border-bottom-width: 5px;} <\/style><div class=\" divider divider-69dda17da9fff divider-shadow center\" id=\"\" style=\"margin-top:; margin-bottom:;\"><div class=\"divider-inner divider-border\"><\/div><\/div><\/p>\n<\/div>\n<\/div><\/div><\/div><\/div><div id=\"pg-599-3\"  class=\"panel-grid panel-no-style\" ><div id=\"pgc-599-3-0\"  class=\"panel-grid-cell\" ><div id=\"panel-599-3-0-0\" class=\"so-panel widget widget_sow-editor panel-first-child panel-last-child\" data-index=\"3\" ><div\n\t\t\t\n\t\t\tclass=\"so-widget-sow-editor so-widget-sow-editor-base\"\n\t\t\t\n\t\t>\n<div class=\"siteorigin-widget-tinymce textwidget\">\n\t<h3 id=\"cities\" class=\"widget-title\">\n<h3 id=\"cities\" class=\"widget-title\"><i id=\"\" class=\" fa fa-university\" style=\"font-size:20px;color:#70B530;\"><\/i>\u00a0 <strong>Ausgew\u00e4hlte disruptive Trends im Bereich Stadt der Zukunft<\/strong><\/h3>\n<p>Seit einigen Jahren lebt die Mehrheit der Menschheit in St\u00e4dten. Im Jahr 2050 werden es zwei Drittel sein. <strong>St\u00e4dte werden als Zentren unseres sozialen Lebens und wirtschaftlichen Schaffens noch bedeutender<\/strong>. Zu gleichen Zeit treten Probleme wie Luftverschmutzung, Verkehrsprobleme, Armut, soziale Benachteiligung, oder Energie- und Nahrungsmittelknappheit massiver zu Tage. <strong>Neue, intelligente Konzepte f\u00fcr Verkehr, Stadtplanung, Stadtklimasysteme, Wohnungspolitik etc. sind notwendig, um Innovation, wirtschaftlichen Wohlstand und soziale Teilhabe zu f\u00f6rdern.<\/strong> Durch ihre wachsende Bedeutung werden St\u00e4dte auch als politische Akteure und Probleml\u00f6ser auf nationaler und internationaler Ebene wichtiger.<\/p>\n<p style=\"text-align: justify;\"><a href=\"http:\/\/old.sudeco.eu\/wp-content\/uploads\/2016\/06\/smartcity.jpg\"><img loading=\"lazy\" decoding=\"async\" class=\"alignnone wp-image-1150\" style=\"float: right; padding-left: 15px;\" src=\"http:\/\/old.sudeco.eu\/wp-content\/uploads\/2016\/06\/smartcity.jpg\" alt=\"smartcity\" width=\"480\" height=\"276\" srcset=\"https:\/\/old.sudeco.eu\/wp-content\/uploads\/2016\/06\/smartcity.jpg 1280w, https:\/\/old.sudeco.eu\/wp-content\/uploads\/2016\/06\/smartcity-300x172.jpg 300w, https:\/\/old.sudeco.eu\/wp-content\/uploads\/2016\/06\/smartcity-768x441.jpg 768w, https:\/\/old.sudeco.eu\/wp-content\/uploads\/2016\/06\/smartcity-1024x588.jpg 1024w\" sizes=\"auto, (max-width: 480px) 100vw, 480px\" \/><\/a>Unter den entscheidenden Trends sind:<\/p>\n<p><i id=\"\" class=\" fa fa-arrow-right\" style=\"font-size:14px;color:#70b530;\"><\/i>\u00a0 Intelligente Energiepolitik wird eine entscheidende lokale Kompetenz.<br \/> <i id=\"\" class=\" fa fa-arrow-right\" style=\"font-size:14px;color:#70b530;\"><\/i> Neue, nachhaltige Kriterien bestimmen die \u00f6ffentliche Auftragsvergabe.<br \/> <i id=\"\" class=\" fa fa-arrow-right\" style=\"font-size:14px;color:#70b530;\"><\/i>\u00a0 Die finanziellen Kompetenzen der St\u00e4dte werden erweitert.<br \/> <i id=\"\" class=\" fa fa-arrow-right\" style=\"font-size:14px;color:#70b530;\"><\/i>\u00a0 Viele stadtpolitische Bereiche, zum Beispiel Gesundheits-, Transport, Umwelt, Wasser und Energieversorgung, folgen \u00fcbergeordneten Stadtentwicklungsstrategien.<br \/> <i id=\"\" class=\" fa fa-arrow-right\" style=\"font-size:14px;color:#70b530;\"><\/i>\u00a0 Soziale oder \u00f6kologische Nachhaltigkeitskriterien beeinflussen die \u00f6ffentliche Auftragsvergabe.<br \/> <i id=\"\" class=\" fa fa-arrow-right\" style=\"font-size:14px;color:#70b530;\"><\/i>\u00a0 Neu (elektronische) Formen der B\u00fcrgerbeteiligung ver\u00e4ndern Entscheidungsfindung und Stadtpolitik.<\/p>\n<p style=\"text-align: center;\"><strong>Wie kann Ihre Organisation diese Ver\u00e4nderungen nutzen?<br \/> <\/strong><\/p>\n<p style=\"text-align: center;\"><style type=\"text\/css\"> .magee-btn-normal,.magee-btn-normal:hover{text-decoration:none !important;}a.button-69dda17daa26e,a.button-69dda17daa26e:hover{color:#ffffff;}a.button-69dda17daa26e {color: #ffffff !important;border-color: #ffffff !important;}a.button-69dda17daa26e {background-color:#70B530 !important;}a.button-69dda17daa26e:active,\r\n\t\t\ta.button-69dda17daa26e:hover,\r\n\t\t\ta.button-69dda17daa26e:focus\r\n\t\t\t{background-color:#65a32b !important;}<\/style><a href=\"http:\/\/old.sudeco.eu\/our-services\/\" target=\"_self\" style=\"\" class=\"butonstyle magee-btn-normal button-69dda17daa26e btn-md\" id=\"\"><i class=\"fa fa-reply \"><\/i>  unsere Dienstleistungen<\/a> \u00a0oder \u00a0<style type=\"text\/css\"> .magee-btn-normal,.magee-btn-normal:hover{text-decoration:none !important;}a.button-69dda17daa284,a.button-69dda17daa284:hover{color:#ffffff;}a.button-69dda17daa284 {color: #ffffff !important;border-color: #ffffff !important;}a.button-69dda17daa284 {background-color:#70B530 !important;}a.button-69dda17daa284:active,\r\n\t\t\ta.button-69dda17daa284:hover,\r\n\t\t\ta.button-69dda17daa284:focus\r\n\t\t\t{background-color:#65a32b !important;}<\/style><a href=\"http:\/\/old.sudeco.eu\/energy-climate-change-glocal-politics\/\" target=\"_self\" style=\"\" class=\"butonstyle magee-btn-normal button-69dda17daa284 btn-md\" id=\"\"><i class=\"fa fa-reply \"><\/i>  Zur\u00fcck nach oben<\/a><\/p>\n<p style=\"text-align: center;\"><style type=\"text\/css\" scoped=\"scoped\">.divider-69dda17daa293{ margin-top: 30px;margin-bottom:30px;width:900px;}.divider-69dda17daa293 .divider-border{border-bottom-width:5px; border-color:#dd3333;}.divider-69dda17daa293 .double-line.divider-inner-item .divider-inner{border-top-width: 5px; border-bottom-width: 5px;}.divider-69dda17daa293 .divider-border.divider-inner-item .divider-inner{ border-bottom-width: 5px;} <\/style><div class=\" divider divider-69dda17daa293 divider-shadow center\" id=\"\" style=\"margin-top:; margin-bottom:;\"><div class=\"divider-inner divider-border\"><\/div><\/div><\/p>\n<\/div>\n<\/div><\/div><\/div><\/div><div id=\"pg-599-4\"  class=\"panel-grid panel-has-style\" ><div class=\"panel-row-style panel-row-style-for-599-4\" ><div id=\"pgc-599-4-0\"  class=\"panel-grid-cell\" ><div id=\"panel-599-4-0-0\" class=\"so-panel widget widget_sow-image panel-first-child panel-last-child\" data-index=\"4\" ><div\n\t\t\t\n\t\t\tclass=\"so-widget-sow-image so-widget-sow-image-default-8b5b6f678277-599\"\n\t\t\t\n\t\t>\n<div class=\"sow-image-container\">\n\t\t<img \n\tsrc=\"https:\/\/old.sudeco.eu\/wp-content\/uploads\/2016\/06\/jump-960x320.jpg\" width=\"960\" height=\"320\" srcset=\"https:\/\/old.sudeco.eu\/wp-content\/uploads\/2016\/06\/jump-960x320.jpg 960w, https:\/\/old.sudeco.eu\/wp-content\/uploads\/2016\/06\/jump-480x160.jpg 480w, https:\/\/old.sudeco.eu\/wp-content\/uploads\/2016\/06\/jump-320x107.jpg 320w, https:\/\/old.sudeco.eu\/wp-content\/uploads\/2016\/06\/jump-240x80.jpg 240w\" sizes=\"(max-width: 960px) 100vw, 960px\" alt=\"\" \t\tclass=\"so-widget-image\"\/>\n\t<\/div>\n\n<\/div><\/div><\/div><\/div><\/div><\/div>","protected":false},"excerpt":{"rendered":"<p>Die Zukunft: Modelle nachhaltiger Kreislaufwirtschaft, angetrieben von erneuerbaren EnergienJede Organisation, Firma, \u00f6ffentliche Verwaltung, NGO und jeder Verein hat die Herausforderungen zu bew\u00e4ltigen, die die Ver\u00e4nderungen im Energiesektor und der Klimawandel mit sich bringen. \u201eBusiness as usual\u201c, die Weiterf\u00fchrung \u00fcberkommener, linearer Gesch\u00e4fts- und Organisationsformen, muss durch neue, nachhaltige und zirkul\u00e4r orientierte Konzepte ersetzt werden. Um die<\/p>\n<p><a href=\"https:\/\/old.sudeco.eu\/de\/areas_of_competence\/\" class=\"more-link themebutton\">Read More<\/a><\/p>\n","protected":false},"author":1,"featured_media":0,"parent":0,"menu_order":8,"comment_status":"closed","ping_status":"closed","template":"","meta":{"footnotes":""},"class_list":["post-599","page","type-page","status-publish","hentry"],"_links":{"self":[{"href":"https:\/\/old.sudeco.eu\/de\/wp-json\/wp\/v2\/pages\/599","targetHints":{"allow":["GET"]}}],"collection":[{"href":"https:\/\/old.sudeco.eu\/de\/wp-json\/wp\/v2\/pages"}],"about":[{"href":"https:\/\/old.sudeco.eu\/de\/wp-json\/wp\/v2\/types\/page"}],"author":[{"embeddable":true,"href":"https:\/\/old.sudeco.eu\/de\/wp-json\/wp\/v2\/users\/1"}],"replies":[{"embeddable":true,"href":"https:\/\/old.sudeco.eu\/de\/wp-json\/wp\/v2\/comments?post=599"}],"version-history":[{"count":102,"href":"https:\/\/old.sudeco.eu\/de\/wp-json\/wp\/v2\/pages\/599\/revisions"}],"predecessor-version":[{"id":1660,"href":"https:\/\/old.sudeco.eu\/de\/wp-json\/wp\/v2\/pages\/599\/revisions\/1660"}],"wp:attachment":[{"href":"https:\/\/old.sudeco.eu\/de\/wp-json\/wp\/v2\/media?parent=599"}],"curies":[{"name":"wp","href":"https:\/\/api.w.org\/{rel}","templated":true}]}}