{"id":87,"date":"2016-06-11T13:08:27","date_gmt":"2016-06-11T11:08:27","guid":{"rendered":"http:\/\/old.sudeco.eu\/?page_id=87"},"modified":"2024-02-23T14:58:47","modified_gmt":"2024-02-23T13:58:47","slug":"legal-disclaimers","status":"publish","type":"page","link":"https:\/\/old.sudeco.eu\/de\/legal-disclaimers\/","title":{"rendered":"Impressum"},"content":{"rendered":"<div id=\"pl-87\" class=\"panel-layout\">\n<div id=\"pg-87-0\" class=\"panel-grid panel-no-style\">\n<div id=\"pgc-87-0-0\" class=\"panel-grid-cell\" data-weight=\"1\">\n<div id=\"panel-87-0-0-0\" class=\"so-panel widget widget_sow-editor panel-first-child panel-last-child\" data-index=\"0\" data-style=\"{&quot;background_image_attachment&quot;:false,&quot;background_display&quot;:&quot;tile&quot;}\">\n<div class=\"so-widget-sow-editor so-widget-sow-editor-base\">\n<div class=\"siteorigin-widget-tinymce textwidget\">\n<h2>Angaben gem\u00e4\u00df \u00a7 5 TMG:<\/h2>\n<p>Dr. Stefan Niederhafner, Gesch\u00e4ftsf\u00fchrer<br \/>\nWolfurtstr. 12<br \/>\n88451 Dettingen an der Iller<br \/>\nTelefon: +49(0)1575-6129507<br \/>\nE-Mail: sn@old.sudeco.eu<\/p>\n<h2>Steuernummer:<\/h2>\n<p>54250\/54547<\/p>\n<h2>Verantwortlich f\u00fcr den<br \/>\nInhalt nach \u00a7 55 Abs. 2 RStV:<\/h2>\n<p>Dr. Stefan Niederhafner<br \/>\nWolfurtstr. 12<br \/>\n88451 Dettingen an der Iller<\/p>\n<h2>Streitschlichtung<\/h2>\n<p>Die Europ\u00e4ische Kommission stellt eine Plattform<br \/>\nzur Online-Streitbeilegung (OS) bereit: <a href=\"https:\/\/ec.europa.eu\/consumers\/odr\" target=\"_blank\" rel=\"noopener\">https:\/\/ec.europa.eu\/consumers\/odr<\/a><br \/>\nUnsere E-Mail-Adresse finden Sie oben im<br \/>\nImpressum.<\/p>\n<h2>Haftung f\u00fcr Inhalte<\/h2>\n<p>Als Diensteanbieter sind wir gem\u00e4\u00df \u00a7 7 Abs.1 TMG f\u00fcr eigene Inhalte auf diesen Seiten<br \/>\nnach den allgemeinen Gesetzen verantwortlich. Nach \u00a7\u00a7 8 bis 10 TMG sind wir als<br \/>\nDiensteanbieter jedoch nicht verpflichtet, \u00fcbermittelte oder gespeicherte fremde Informationen zu<br \/>\n\u00fcberwachen oder nach Umst\u00e4nden zu forschen, die auf eine rechtswidrige T\u00e4tigkeit<br \/>\nhinweisen.<\/p>\n<p>Verpflichtungen zur Entfernung oder Sperrung der Nutzung von Informationen nach<br \/>\nden allgemeinen Gesetzen bleiben hiervon unber\u00fchrt. Eine diesbez\u00fcgliche Haftung ist jedoch<br \/>\nerst ab dem Zeitpunkt der Kenntnis einer konkreten Rechtsverletzung m\u00f6glich. Bei Bekanntwerden<br \/>\nvon entsprechenden Rechtsverletzungen werden wir diese Inhalte umgehend entfernen.<\/p>\n<h2>Haftung f\u00fcr Links<\/h2>\n<p>Unser Angebot enth\u00e4lt Links zu externen Websites Dritter, auf deren Inhalte wir keinen Einfluss haben.<br \/>\nDeshalb k\u00f6nnen wir f\u00fcr diese fremden Inhalte auch keine Gew\u00e4hr \u00fcbernehmen. F\u00fcr die Inhalte der<br \/>\nverlinkten Seiten ist stets der jeweilige Anbieter oder Betreiber der Seiten verantwortlich. Die<br \/>\nverlinkten Seiten wurden zum Zeitpunkt der Verlinkung auf m\u00f6gliche Rechtsverst\u00f6\u00dfe \u00fcberpr\u00fcft.<br \/>\nRechtswidrige Inhalte waren zum Zeitpunkt der Verlinkung nicht erkennbar.<\/p>\n<p>Eine permanente inhaltliche Kontrolle der verlinkten Seiten ist jedoch ohne konkrete Anhaltspunkte<br \/>\neiner Rechtsverletzung nicht zumutbar. Bei Bekanntwerden von Rechtsverletzungen werden wir derartige<br \/>\nLinks umgehend entfernen.<\/p>\n<h2>Urheberrecht<\/h2>\n<p>Die durch die Seitenbetreiber erstellten Inhalte und Werke auf diesen Seiten unterliegen dem deutschen<br \/>\nUrheberrecht. Die Vervielf\u00e4ltigung, Bearbeitung, Verbreitung und jede Art der Verwertung au\u00dferhalb<br \/>\nder Grenzen des Urheberrechtes bed\u00fcrfen der schriftlichen Zustimmung des jeweiligen Autors bzw.<br \/>\nErstellers. Downloads und Kopien dieser Seite sind nur f\u00fcr den privaten, nicht kommerziellen<br \/>\nGebrauch gestattet.<\/p>\n<p>Soweit die Inhalte auf dieser Seite nicht vom Betreiber erstellt wurden, werden die Urheberrechte<br \/>\nDritter beachtet. Insbesondere werden Inhalte Dritter als solche gekennzeichnet. Sollten Sie<br \/>\ntrotzdem auf eine Urheberrechtsverletzung aufmerksam werden, bitten wir um einen entsprechenden<br \/>\nHinweis. Bei Bekanntwerden von Rechtsverletzungen werden wir derartige Inhalte umgehend entfernen.<\/p>\n<\/div>\n<\/div>\n<p>Alle Bilder von <a href=\"http:\/\/www.bigstockphoto.com\">www.bigstockphoto.com<\/a> ausser:<\/p>\n<ul>\n<li><a href=\"http:\/\/old.sudeco.eu\/wp-content\/uploads\/2016\/06\/smartcities.jpeg\">Smart cities and glocal politics<\/a> auf der Startseite ist von <a href=\"http:\/\/www.pixabay.com\">www.pixabay.com<\/a><\/li>\n<li><a href=\"http:\/\/old.sudeco.eu\/wp-content\/uploads\/2016\/06\/map-480x240.png\">Die Karte<\/a> auf der Seite Komptetenzfelder\/Klimawandel ist von <a href=\"https:\/\/commons.wikimedia.org\/w\/index.php?curid=48320267\">L.tak &#8211; Own work, CC BY-SA 4.0<\/a><\/li>\n<\/ul>\n<div class=\"so-widget-sow-editor so-widget-sow-editor-base\">\n<div class=\"siteorigin-widget-tinymce textwidget\">\n<p>Text wurde mithilfe von <a href=\"https:\/\/www.e-recht24.de\">erecht24.de<\/a> erstellt.<\/p>\n<\/div>\n<\/div>\n<\/div>\n<\/div>\n<\/div>\n<\/div>\n","protected":false},"excerpt":{"rendered":"<p>Angaben gem\u00e4\u00df \u00a7 5 TMG: Dr. Stefan Niederhafner, Gesch\u00e4ftsf\u00fchrer Wolfurtstr. 12 88451 Dettingen an der Iller Telefon: +49(0)1575-6129507 E-Mail: sn@old.sudeco.eu Steuernummer: 54250\/54547 Verantwortlich f\u00fcr den Inhalt nach \u00a7 55 Abs. 2 RStV: Dr. Stefan Niederhafner Wolfurtstr. 12 88451 Dettingen an der Iller Streitschlichtung Die Europ\u00e4ische Kommission stellt eine Plattform zur Online-Streitbeilegung (OS) bereit: https:\/\/ec.europa.eu\/consumers\/odr Unsere<\/p>\n<p><a href=\"https:\/\/old.sudeco.eu\/de\/legal-disclaimers\/\" class=\"more-link themebutton\">Read More<\/a><\/p>\n","protected":false},"author":1,"featured_media":0,"parent":0,"menu_order":7,"comment_status":"closed","ping_status":"closed","template":"","meta":{"footnotes":""},"class_list":["post-87","page","type-page","status-publish","hentry"],"_links":{"self":[{"href":"https:\/\/old.sudeco.eu\/de\/wp-json\/wp\/v2\/pages\/87","targetHints":{"allow":["GET"]}}],"collection":[{"href":"https:\/\/old.sudeco.eu\/de\/wp-json\/wp\/v2\/pages"}],"about":[{"href":"https:\/\/old.sudeco.eu\/de\/wp-json\/wp\/v2\/types\/page"}],"author":[{"embeddable":true,"href":"https:\/\/old.sudeco.eu\/de\/wp-json\/wp\/v2\/users\/1"}],"replies":[{"embeddable":true,"href":"https:\/\/old.sudeco.eu\/de\/wp-json\/wp\/v2\/comments?post=87"}],"version-history":[{"count":31,"href":"https:\/\/old.sudeco.eu\/de\/wp-json\/wp\/v2\/pages\/87\/revisions"}],"predecessor-version":[{"id":1834,"href":"https:\/\/old.sudeco.eu\/de\/wp-json\/wp\/v2\/pages\/87\/revisions\/1834"}],"wp:attachment":[{"href":"https:\/\/old.sudeco.eu\/de\/wp-json\/wp\/v2\/media?parent=87"}],"curies":[{"name":"wp","href":"https:\/\/api.w.org\/{rel}","templated":true}]}}